{"id":159,"date":"2020-10-12T04:24:51","date_gmt":"2020-10-12T04:24:51","guid":{"rendered":"https:\/\/ugelabancay.gob.pe\/w\/?page_id=159"},"modified":"2022-07-05T15:13:10","modified_gmt":"2022-07-05T15:13:10","slug":"bienvenida","status":"publish","type":"page","link":"https:\/\/ugelabancay.gob.pe\/w\/?page_id=159","title":{"rendered":"Bienvenida"},"content":{"rendered":"<p>[et_pb_section fb_built=\u00bb1&#8243; _builder_version=\u00bb4.4.5&#8243; custom_padding=\u00bb||26px|||\u00bb da_disable_devices=\u00bboff|off|off\u00bb da_is_popup=\u00bboff\u00bb da_exit_intent=\u00bboff\u00bb da_has_close=\u00bbon\u00bb da_alt_close=\u00bboff\u00bb da_dark_close=\u00bboff\u00bb da_not_modal=\u00bbon\u00bb da_is_singular=\u00bboff\u00bb da_with_loader=\u00bboff\u00bb da_has_shadow=\u00bbon\u00bb][et_pb_row _builder_version=\u00bb4.4.5&#8243; custom_margin=\u00bb-82px|auto||auto||\u00bb][et_pb_column type=\u00bb4_4&#8243; _builder_version=\u00bb4.4.5&#8243; background_image=\u00bbhttps:\/\/ugelabancay.gob.pe\/w\/wp-content\/uploads\/2020\/11\/bella-abaquina.jpg\u00bb][et_pb_text _builder_version=\u00bb4.4.5&#8243; text_font=\u00bb||on|||on|||\u00bb text_text_color=\u00bb#ffffff\u00bb text_font_size=\u00bb40px\u00bb background_enable_image=\u00bboff\u00bb custom_margin=\u00bb80px||50px|20px|false|false\u00bb]<\/p>\n<p><span>Bienvenida del\u00a0<\/span><strong>Director<\/strong><\/p>\n<p>[\/et_pb_text][\/et_pb_column][\/et_pb_row][et_pb_row column_structure=\u00bb1_3,2_3&#8243; use_custom_gutter=\u00bbon\u00bb gutter_width=\u00bb2&#8243; _builder_version=\u00bb4.4.5&#8243; custom_margin=\u00bb-30px|auto||auto||\u00bb][et_pb_column type=\u00bb1_3&#8243; _builder_version=\u00bb4.4.5&#8243;][et_pb_image src=\u00bbhttps:\/\/ugelabancay.gob.pe\/w\/wp-content\/uploads\/2020\/11\/ropa_andina.jpg\u00bb title_text=\u00bbropa_andina\u00bb _builder_version=\u00bb4.4.5&#8243;][\/et_pb_image][\/et_pb_column][et_pb_column type=\u00bb2_3&#8243; _builder_version=\u00bb4.4.5&#8243;][et_pb_text _builder_version=\u00bb4.7.4&#8243; hover_enabled=\u00bb0&#8243; sticky_enabled=\u00bb0&#8243;]<\/p>\n<h4 style=\"text-align: center;\"><em>\u201cComprometidos con la innovaci\u00f3n, diversidad y excelencia educativa\u201d<\/em><\/h4>\n<p style=\"text-align: justify;\"><em>Estimada comunidad educativa de la UGEL Abancay, los saluda la Mag. Betty Pozo S\u00e1nchez, asum\u00ed el cargo de directora de la UGEL Abancay en condici\u00f3n de designada desde el 1 de junio del presente a\u00f1o 2022, luego de un exhaustivo proceso de evaluaci\u00f3n y selecci\u00f3n que responde al principio de meritocracia de la Carrera P\u00fablica Magisterial y en virtud a mis capacidades profesionales y experiencia profesional en gesti\u00f3n p\u00fablica, mi compromiso con ustedes como responsable de la gesti\u00f3n de la educaci\u00f3n b\u00e1sica regular, especial, alternativa y t\u00e9cnico productiva es: supervisar el servicio educativo brindado por las instituciones educativas, desarrollar una labor transparente, respetuosa y alturada, comprometida con todas y todos para alcanzar los compromisos de desempe\u00f1o de la gesti\u00f3n educativa descentralizada de la UGEL; asimismo, fortalecer y acompa\u00f1ar los procesos en la gesti\u00f3n educativa a lo largo del a\u00f1o escolar donde los directores, docentes, auxiliares, administrativos, padres de familia y funcionarios, tenemos un rol insustituible para alcanzar las metas que impactan directamente en los aprendizajes significativos, haci\u00e9ndose necesaria la participaci\u00f3n de toda la familia educativa para acortar las brechas de aprendizaje de nuestros estudiantes y proveer servicios educativos de manera oportuna y de calidad.<\/em><\/p>\n<p><strong><em>Siempre atenta de ustedes, \u201ccon la mente abierta y el coraz\u00f3n dispuesto a vuestro servicio\u201d.<\/em><\/strong><\/p>\n<p style=\"text-align: center;\">\u00a0<strong><em>Mag. Betty Pozo S\u00e1nchez<\/em><\/strong><br \/> <strong><em> Directora de la UGEL Abancay<\/em><\/strong><\/p>\n<p>&nbsp;<\/p>\n<p>[\/et_pb_text][\/et_pb_column][\/et_pb_row][\/et_pb_section]<\/p>\n","protected":false},"excerpt":{"rendered":"<p>[et_pb_section fb_built=\u00bb1&#8243; _builder_version=\u00bb4.4.5&#8243; custom_padding=\u00bb||26px|||\u00bb da_disable_devices=\u00bboff|off|off\u00bb da_is_popup=\u00bboff\u00bb da_exit_intent=\u00bboff\u00bb da_has_close=\u00bbon\u00bb da_alt_close=\u00bboff\u00bb da_dark_close=\u00bboff\u00bb da_not_modal=\u00bbon\u00bb da_is_singular=\u00bboff\u00bb da_with_loader=\u00bboff\u00bb da_has_shadow=\u00bbon\u00bb][et_pb_row _builder_version=\u00bb4.4.5&#8243; custom_margin=\u00bb-82px|auto||auto||\u00bb][et_pb_column type=\u00bb4_4&#8243; _builder_version=\u00bb4.4.5&#8243; background_image=\u00bbhttps:\/\/ugelabancay.gob.pe\/w\/wp-content\/uploads\/2020\/11\/bella-abaquina.jpg\u00bb][et_pb_text _builder_version=\u00bb4.4.5&#8243; text_font=\u00bb||on|||on|||\u00bb text_text_color=\u00bb#ffffff\u00bb text_font_size=\u00bb40px\u00bb background_enable_image=\u00bboff\u00bb custom_margin=\u00bb80px||50px|20px|false|false\u00bb] Bienvenida del\u00a0Director [\/et_pb_text][\/et_pb_column][\/et_pb_row][et_pb_row column_structure=\u00bb1_3,2_3&#8243; use_custom_gutter=\u00bbon\u00bb gutter_width=\u00bb2&#8243; _builder_version=\u00bb4.4.5&#8243; custom_margin=\u00bb-30px|auto||auto||\u00bb][et_pb_column type=\u00bb1_3&#8243; _builder_version=\u00bb4.4.5&#8243;][et_pb_image src=\u00bbhttps:\/\/ugelabancay.gob.pe\/w\/wp-content\/uploads\/2020\/11\/ropa_andina.jpg\u00bb title_text=\u00bbropa_andina\u00bb _builder_version=\u00bb4.4.5&#8243;][\/et_pb_image][\/et_pb_column][et_pb_column type=\u00bb2_3&#8243; _builder_version=\u00bb4.4.5&#8243;][et_pb_text _builder_version=\u00bb4.7.4&#8243; hover_enabled=\u00bb0&#8243; sticky_enabled=\u00bb0&#8243;] \u201cComprometidos con la innovaci\u00f3n, diversidad y excelencia educativa\u201d Estimada comunidad educativa de [&hellip;]<\/p>\n","protected":false},"author":1,"featured_media":4125,"parent":0,"menu_order":0,"comment_status":"closed","ping_status":"closed","template":"","meta":{"_acf_changed":false,"_et_pb_use_builder":"on","_et_pb_old_content":"","_et_gb_content_width":"","footnotes":""},"class_list":["post-159","page","type-page","status-publish","has-post-thumbnail","hentry"],"acf":[],"_links":{"self":[{"href":"https:\/\/ugelabancay.gob.pe\/w\/index.php?rest_route=\/wp\/v2\/pages\/159","targetHints":{"allow":["GET"]}}],"collection":[{"href":"https:\/\/ugelabancay.gob.pe\/w\/index.php?rest_route=\/wp\/v2\/pages"}],"about":[{"href":"https:\/\/ugelabancay.gob.pe\/w\/index.php?rest_route=\/wp\/v2\/types\/page"}],"author":[{"embeddable":true,"href":"https:\/\/ugelabancay.gob.pe\/w\/index.php?rest_route=\/wp\/v2\/users\/1"}],"replies":[{"embeddable":true,"href":"https:\/\/ugelabancay.gob.pe\/w\/index.php?rest_route=%2Fwp%2Fv2%2Fcomments&post=159"}],"version-history":[{"count":10,"href":"https:\/\/ugelabancay.gob.pe\/w\/index.php?rest_route=\/wp\/v2\/pages\/159\/revisions"}],"predecessor-version":[{"id":8769,"href":"https:\/\/ugelabancay.gob.pe\/w\/index.php?rest_route=\/wp\/v2\/pages\/159\/revisions\/8769"}],"wp:featuredmedia":[{"embeddable":true,"href":"https:\/\/ugelabancay.gob.pe\/w\/index.php?rest_route=\/wp\/v2\/media\/4125"}],"wp:attachment":[{"href":"https:\/\/ugelabancay.gob.pe\/w\/index.php?rest_route=%2Fwp%2Fv2%2Fmedia&parent=159"}],"curies":[{"name":"wp","href":"https:\/\/api.w.org\/{rel}","templated":true}]}}