{"id":161,"date":"2020-10-12T04:26:31","date_gmt":"2020-10-12T04:26:31","guid":{"rendered":"https:\/\/ugelabancay.gob.pe\/w\/?page_id=161"},"modified":"2020-11-17T03:23:50","modified_gmt":"2020-11-17T03:23:50","slug":"vision-y-mision","status":"publish","type":"page","link":"https:\/\/ugelabancay.gob.pe\/w\/?page_id=161","title":{"rendered":"Visi\u00f3n y Misi\u00f3n"},"content":{"rendered":"<p>[et_pb_section fb_built=\u00bb1&#8243; _builder_version=\u00bb4.4.5&#8243; custom_padding=\u00bb||5px|||\u00bb da_is_popup=\u00bboff\u00bb da_exit_intent=\u00bboff\u00bb da_has_close=\u00bbon\u00bb da_alt_close=\u00bboff\u00bb da_dark_close=\u00bboff\u00bb da_not_modal=\u00bbon\u00bb da_is_singular=\u00bboff\u00bb da_with_loader=\u00bboff\u00bb da_has_shadow=\u00bbon\u00bb da_disable_devices=\u00bboff|off|off\u00bb][et_pb_row _builder_version=\u00bb4.4.5&#8243; custom_margin=\u00bb-82px|auto||auto||\u00bb hover_enabled=\u00bb0&#8243; custom_padding=\u00bb||16px|||\u00bb][et_pb_column type=\u00bb4_4&#8243; _builder_version=\u00bb4.4.5&#8243; background_image=\u00bbhttps:\/\/ugelabancay.gob.pe\/w\/wp-content\/uploads\/2020\/11\/2228825632.jpg\u00bb hover_enabled=\u00bb0&#8243; title_text=\u00bb2228825632&#8243;][et_pb_text _builder_version=\u00bb4.4.5&#8243; text_font=\u00bb||on|||on|||\u00bb text_text_color=\u00bb#ffffff\u00bb text_font_size=\u00bb40px\u00bb background_enable_image=\u00bboff\u00bb custom_margin=\u00bb130px||50px|20px|false|false\u00bb hover_enabled=\u00bb0&#8243;]<\/p>\n<p><strong>Vision y Misi\u00f3n<\/strong><\/p>\n<p>[\/et_pb_text][\/et_pb_column][\/et_pb_row][et_pb_row _builder_version=\u00bb4.4.5&#8243; column_structure=\u00bb1_2,1_2&#8243; custom_padding=\u00bb3px|||||\u00bb][et_pb_column _builder_version=\u00bb4.4.5&#8243; type=\u00bb1_2&#8243;][et_pb_image src=\u00bbhttps:\/\/ugelabancay.gob.pe\/w\/wp-content\/uploads\/2020\/11\/estudiante.jpg\u00bb _builder_version=\u00bb4.4.5&#8243; title_text=\u00bbestudiante\u00bb hover_enabled=\u00bb0&#8243; custom_padding=\u00bb|0px||||\u00bb][\/et_pb_image][\/et_pb_column][et_pb_column _builder_version=\u00bb4.4.5&#8243; type=\u00bb1_2&#8243;][et_pb_text _builder_version=\u00bb4.4.5&#8243; hover_enabled=\u00bb0&#8243;]<\/p>\n<h2><em><strong>Visi\u00f3n<\/strong><\/em><\/h2>\n<p style=\"text-align: justify;\"><em>La UGEL Abancay al 2021 es una instituci\u00f3n moderna con identidad propia que mediante los principios de interculturalidad, equidad y transparencia; lidere y brinde servicios educativos de calidad que promueva una educaci\u00f3n inclusiva, democr\u00e1tica y participativa basado en una cultura con pr\u00e1ctica de valores, respeto a la identidad individual y colectiva, buen trato y conservaci\u00f3n del medio ambiente orientados a mejorar la calidad de vida.<\/em><\/p>\n<h2><em><strong><\/strong><\/em><\/h2>\n<h2><em><strong>Misi\u00f3n<\/strong><\/em><\/h2>\n<p style=\"text-align: justify;\"><em>La UGEL Abancay al 2021 es una instituci\u00f3n moderna con identidad propia que mediante los principios de interculturalidad, equidad y transparencia; lidere y brinde servicios educativos de calidad que promueva una educaci\u00f3n inclusiva, democr\u00e1tica y participativa basado en una cultura con pr\u00e1ctica de valores, respeto a la identidad individual y colectiva, buen trato y conservaci\u00f3n del medio ambiente orientados a mejorar la calidad de vida.<\/em><\/p>\n<p>[\/et_pb_text][\/et_pb_column][\/et_pb_row][\/et_pb_section]<\/p>\n","protected":false},"excerpt":{"rendered":"<p>[et_pb_section fb_built=\u00bb1&#8243; _builder_version=\u00bb4.4.5&#8243; custom_padding=\u00bb||5px|||\u00bb da_is_popup=\u00bboff\u00bb da_exit_intent=\u00bboff\u00bb da_has_close=\u00bbon\u00bb da_alt_close=\u00bboff\u00bb da_dark_close=\u00bboff\u00bb da_not_modal=\u00bbon\u00bb da_is_singular=\u00bboff\u00bb da_with_loader=\u00bboff\u00bb da_has_shadow=\u00bbon\u00bb da_disable_devices=\u00bboff|off|off\u00bb][et_pb_row _builder_version=\u00bb4.4.5&#8243; custom_margin=\u00bb-82px|auto||auto||\u00bb hover_enabled=\u00bb0&#8243; custom_padding=\u00bb||16px|||\u00bb][et_pb_column type=\u00bb4_4&#8243; _builder_version=\u00bb4.4.5&#8243; background_image=\u00bbhttps:\/\/ugelabancay.gob.pe\/w\/wp-content\/uploads\/2020\/11\/2228825632.jpg\u00bb hover_enabled=\u00bb0&#8243; title_text=\u00bb2228825632&#8243;][et_pb_text _builder_version=\u00bb4.4.5&#8243; text_font=\u00bb||on|||on|||\u00bb text_text_color=\u00bb#ffffff\u00bb text_font_size=\u00bb40px\u00bb background_enable_image=\u00bboff\u00bb custom_margin=\u00bb130px||50px|20px|false|false\u00bb hover_enabled=\u00bb0&#8243;] Vision y Misi\u00f3n [\/et_pb_text][\/et_pb_column][\/et_pb_row][et_pb_row _builder_version=\u00bb4.4.5&#8243; column_structure=\u00bb1_2,1_2&#8243; custom_padding=\u00bb3px|||||\u00bb][et_pb_column _builder_version=\u00bb4.4.5&#8243; type=\u00bb1_2&#8243;][et_pb_image src=\u00bbhttps:\/\/ugelabancay.gob.pe\/w\/wp-content\/uploads\/2020\/11\/estudiante.jpg\u00bb _builder_version=\u00bb4.4.5&#8243; title_text=\u00bbestudiante\u00bb hover_enabled=\u00bb0&#8243; custom_padding=\u00bb|0px||||\u00bb][\/et_pb_image][\/et_pb_column][et_pb_column _builder_version=\u00bb4.4.5&#8243; type=\u00bb1_2&#8243;][et_pb_text _builder_version=\u00bb4.4.5&#8243; hover_enabled=\u00bb0&#8243;] Visi\u00f3n La UGEL Abancay al 2021 es [&hellip;]<\/p>\n","protected":false},"author":1,"featured_media":4125,"parent":0,"menu_order":0,"comment_status":"closed","ping_status":"closed","template":"","meta":{"_acf_changed":false,"_et_pb_use_builder":"on","_et_pb_old_content":"<!-- wp:divi\/placeholder \/-->","_et_gb_content_width":"","footnotes":""},"class_list":["post-161","page","type-page","status-publish","has-post-thumbnail","hentry"],"acf":[],"_links":{"self":[{"href":"https:\/\/ugelabancay.gob.pe\/w\/index.php?rest_route=\/wp\/v2\/pages\/161","targetHints":{"allow":["GET"]}}],"collection":[{"href":"https:\/\/ugelabancay.gob.pe\/w\/index.php?rest_route=\/wp\/v2\/pages"}],"about":[{"href":"https:\/\/ugelabancay.gob.pe\/w\/index.php?rest_route=\/wp\/v2\/types\/page"}],"author":[{"embeddable":true,"href":"https:\/\/ugelabancay.gob.pe\/w\/index.php?rest_route=\/wp\/v2\/users\/1"}],"replies":[{"embeddable":true,"href":"https:\/\/ugelabancay.gob.pe\/w\/index.php?rest_route=%2Fwp%2Fv2%2Fcomments&post=161"}],"version-history":[{"count":5,"href":"https:\/\/ugelabancay.gob.pe\/w\/index.php?rest_route=\/wp\/v2\/pages\/161\/revisions"}],"predecessor-version":[{"id":4466,"href":"https:\/\/ugelabancay.gob.pe\/w\/index.php?rest_route=\/wp\/v2\/pages\/161\/revisions\/4466"}],"wp:featuredmedia":[{"embeddable":true,"href":"https:\/\/ugelabancay.gob.pe\/w\/index.php?rest_route=\/wp\/v2\/media\/4125"}],"wp:attachment":[{"href":"https:\/\/ugelabancay.gob.pe\/w\/index.php?rest_route=%2Fwp%2Fv2%2Fmedia&parent=161"}],"curies":[{"name":"wp","href":"https:\/\/api.w.org\/{rel}","templated":true}]}}