{"id":175,"date":"2020-10-12T04:29:03","date_gmt":"2020-10-12T04:29:03","guid":{"rendered":"https:\/\/ugelabancay.gob.pe\/w\/?page_id=175"},"modified":"2020-11-17T04:34:53","modified_gmt":"2020-11-17T04:34:53","slug":"area-de-direccion","status":"publish","type":"page","link":"https:\/\/ugelabancay.gob.pe\/w\/?page_id=175","title":{"rendered":"\u00c1rea de Direcci\u00f3n"},"content":{"rendered":"<p>[et_pb_section fb_built=\u00bb1&#8243; _builder_version=\u00bb4.4.5&#8243; da_is_popup=\u00bboff\u00bb da_exit_intent=\u00bboff\u00bb da_has_close=\u00bbon\u00bb da_alt_close=\u00bboff\u00bb da_dark_close=\u00bboff\u00bb da_not_modal=\u00bbon\u00bb da_is_singular=\u00bboff\u00bb da_with_loader=\u00bboff\u00bb da_has_shadow=\u00bbon\u00bb da_disable_devices=\u00bboff|off|off\u00bb][et_pb_row _builder_version=\u00bb4.4.5&#8243; custom_margin=\u00bb-82px|auto||auto||\u00bb][et_pb_column type=\u00bb4_4&#8243; _builder_version=\u00bb4.4.5&#8243; background_image=\u00bbhttps:\/\/ugelabancay.gob.pe\/w\/wp-content\/uploads\/2020\/11\/bella-abaquina.jpg\u00bb][et_pb_text _builder_version=\u00bb4.4.5&#8243; text_font=\u00bb||on|||on|||\u00bb text_text_color=\u00bb#ffffff\u00bb text_font_size=\u00bb40px\u00bb background_enable_image=\u00bboff\u00bb custom_margin=\u00bb150px||50px|20px|false|false\u00bb hover_enabled=\u00bb0&#8243;]<\/p>\n<p><span>\u00c1rea de\u00a0<\/span><strong>Direcci\u00f3n<\/strong><\/p>\n<p>[\/et_pb_text][\/et_pb_column][\/et_pb_row][et_pb_row _builder_version=\u00bb4.4.5&#8243; custom_padding=\u00bb0px|||||\u00bb][et_pb_column _builder_version=\u00bb4.4.5&#8243; type=\u00bb4_4&#8243;][et_pb_text _builder_version=\u00bb4.4.5&#8243; hover_enabled=\u00bb0&#8243;]<\/p>\n<h2 class=\"align-left azul\" style=\"text-align: justify;\"><em>Funciones :<\/em><\/h2>\n<p style=\"text-align: justify;\"><em><strong>Art 17\u00ba.-<\/strong>\u00a0El \u00d3rgano de Direcci\u00f3n constituye el m\u00e1ximo nivel de gesti\u00f3n de la Unidad de Gesti\u00f3n Educativa Local Abancay, responsable de orientar, conducir, supervisar, controlar y evaluar el servicio educativo en su \u00e1mbito jurisdiccional, en concordancia con los lineamientos de pol\u00edtica nacional, regional y local.<\/em><\/p>\n<p style=\"text-align: justify;\"><em><strong>Art 18\u00ba.-<\/strong>\u00a0La Unidad de Gesti\u00f3n Educativa, est\u00e1 a cargo de un Director que es designado de acuerdo a las disposiciones legales vigentes.<\/em><\/p>\n<p style=\"text-align: justify;\"><em><strong>Art 19\u00ba.-<\/strong>\u00a0La Direcci\u00f3n de la Unidad de Gesti\u00f3n Educativa Local tiene la autoridad y facultad para adoptar decisiones resolutivas y administrativas de acuerdo a Ley; sus funciones son:<\/em><\/p>\n<p style=\"text-align: justify; padding-left: 30px;\"><em><strong>a).\u00a0<\/strong>Orientar y supervisar la aplicaci\u00f3n de la pol\u00edtica y normatividad educativa e implementar el proceso de mejoramiento continuo de la calidad, equidad y ampliaci\u00f3n de la cobertura de la educaci\u00f3n.<\/em><\/p>\n<p style=\"text-align: justify; padding-left: 30px;\"><em><strong>b).\u00a0<\/strong>Orientar y supervisar la aplicaci\u00f3n de la pol\u00edtica y normatividad educativa e implementar el proceso de mejoramiento continuo de la calidad, equidad y ampliaci\u00f3n de la cobertura de la educaci\u00f3n.b) Conducir la formulaci\u00f3n, ejecuci\u00f3n y evaluaci\u00f3n del Proyecto Educativo Local (PEL) de la Unidad de Gesti\u00f3n Educativa Local y los Planes Operativos Anuales, en coordinaci\u00f3n con el Consejo Participativo Local \u2013 COPALE; aprob\u00e1ndolos de acuerdo a los dispositivos legales vigentes.<\/em><\/p>\n<p style=\"text-align: justify; padding-left: 30px;\"><em><strong>c).\u00a0<\/strong>Conducir e incrementar la productividad y mejorar la eficacia de los procesos de gesti\u00f3n pedag\u00f3gica, institucional y administrativa de las Instituciones, Programas, Comunidades de Aprendizaje y Redes Educativas a su cargo.<\/em><\/p>\n<p style=\"text-align: justify; padding-left: 30px;\"><em><strong>d).\u00a0<\/strong>Apoyar el proceso de descentralizaci\u00f3n de la gesti\u00f3n efectiva de las Instituciones, Programas y Redes Educativas en el marco de la normatividad vigente.<\/em><\/p>\n<p style=\"text-align: justify; padding-left: 30px;\"><em><strong>e).\u00a0<\/strong>Suscribir convenios de cooperaci\u00f3n y\/o contratos con entidades p\u00fablicas o privadas, locales, regionales, nacionales o internacionales, encaminados a mejorar la calidad de la educaci\u00f3n.<\/em><\/p>\n<p style=\"text-align: justify; padding-left: 30px;\"><em><strong>f).\u00a0<\/strong>Evaluar permanentemente la gesti\u00f3n educativa de su \u00e1mbito, adoptando oportunamente las acciones preventivas y correctivas pertinentes; presentando los informes de su gesti\u00f3n a las instancias correspondientes.<\/em><\/p>\n<p style=\"text-align: justify; padding-left: 30px;\"><em><strong>g).\u00a0<\/strong>Concertar con las entidades p\u00fablicas y privadas en su \u00e1mbito, para ejecutar programas de acci\u00f3n conjunta a favor de la educaci\u00f3n, la ciencia y tecnolog\u00eda, la cultura, la recreaci\u00f3n y el deporte, en su \u00e1mbito.<\/em><\/p>\n<p style=\"text-align: justify; padding-left: 30px;\"><em><strong>h).\u00a0<\/strong>Organizar, ejecutar y evaluar acciones de capacitaci\u00f3n continua del personal de las Instituciones, Programas, Comunidades de Aprendizaje y Redes Educativas, as\u00ed como del personal de la sede institucional.<\/em><\/p>\n<p style=\"text-align: justify; padding-left: 30px;\"><em><strong>i).\u00a0<\/strong>Conducir la formulaci\u00f3n, ejecuci\u00f3n y evaluaci\u00f3n del presupuesto y sus modificaciones en coordinaci\u00f3n con las Instituciones, Programas, Comunidades de Aprendizaje y Redes Educativas de su \u00e1mbito jurisdiccional.<\/em><\/p>\n<p style=\"text-align: justify; padding-left: 30px;\"><em><strong>j).\u00a0<\/strong>Implementar mecanismos de participaci\u00f3n y vigilancia ciudadana para garantizar una gesti\u00f3n transparente y equitativa.<\/em><\/p>\n<p style=\"text-align: justify; padding-left: 30px;\"><em><strong>k).\u00a0<\/strong>Conformar el Comit\u00e9 Local de Alfabetizaci\u00f3n y aplicar estrategias efectivas y pertenecientes para disminuir el analfabetismo.<\/em><\/p>\n<p style=\"text-align: justify; padding-left: 30px;\"><em><strong>l).\u00a0<\/strong>Delegar funciones y atribuciones que faciliten y flexibilicen la descentralizaci\u00f3n de la gesti\u00f3n en las Instituciones Educativas, as\u00ed como asumir las que sean delegadas por la Direcci\u00f3n Regional de Educaci\u00f3n.<\/em><\/p>\n<p>[\/et_pb_text][\/et_pb_column][\/et_pb_row][\/et_pb_section]<\/p>\n","protected":false},"excerpt":{"rendered":"<p>[et_pb_section fb_built=\u00bb1&#8243; _builder_version=\u00bb4.4.5&#8243; da_is_popup=\u00bboff\u00bb da_exit_intent=\u00bboff\u00bb da_has_close=\u00bbon\u00bb da_alt_close=\u00bboff\u00bb da_dark_close=\u00bboff\u00bb da_not_modal=\u00bbon\u00bb da_is_singular=\u00bboff\u00bb da_with_loader=\u00bboff\u00bb da_has_shadow=\u00bbon\u00bb da_disable_devices=\u00bboff|off|off\u00bb][et_pb_row _builder_version=\u00bb4.4.5&#8243; custom_margin=\u00bb-82px|auto||auto||\u00bb][et_pb_column type=\u00bb4_4&#8243; _builder_version=\u00bb4.4.5&#8243; background_image=\u00bbhttps:\/\/ugelabancay.gob.pe\/w\/wp-content\/uploads\/2020\/11\/bella-abaquina.jpg\u00bb][et_pb_text _builder_version=\u00bb4.4.5&#8243; text_font=\u00bb||on|||on|||\u00bb text_text_color=\u00bb#ffffff\u00bb text_font_size=\u00bb40px\u00bb background_enable_image=\u00bboff\u00bb custom_margin=\u00bb150px||50px|20px|false|false\u00bb hover_enabled=\u00bb0&#8243;] \u00c1rea de\u00a0Direcci\u00f3n [\/et_pb_text][\/et_pb_column][\/et_pb_row][et_pb_row _builder_version=\u00bb4.4.5&#8243; custom_padding=\u00bb0px|||||\u00bb][et_pb_column _builder_version=\u00bb4.4.5&#8243; type=\u00bb4_4&#8243;][et_pb_text _builder_version=\u00bb4.4.5&#8243; hover_enabled=\u00bb0&#8243;] Funciones : Art 17\u00ba.-\u00a0El \u00d3rgano de Direcci\u00f3n constituye el m\u00e1ximo nivel de gesti\u00f3n de la Unidad de Gesti\u00f3n Educativa Local Abancay, [&hellip;]<\/p>\n","protected":false},"author":1,"featured_media":4125,"parent":0,"menu_order":0,"comment_status":"closed","ping_status":"closed","template":"","meta":{"_acf_changed":false,"_et_pb_use_builder":"on","_et_pb_old_content":"<!-- wp:divi\/placeholder \/-->","_et_gb_content_width":"","footnotes":""},"class_list":["post-175","page","type-page","status-publish","has-post-thumbnail","hentry"],"acf":[],"_links":{"self":[{"href":"https:\/\/ugelabancay.gob.pe\/w\/index.php?rest_route=\/wp\/v2\/pages\/175","targetHints":{"allow":["GET"]}}],"collection":[{"href":"https:\/\/ugelabancay.gob.pe\/w\/index.php?rest_route=\/wp\/v2\/pages"}],"about":[{"href":"https:\/\/ugelabancay.gob.pe\/w\/index.php?rest_route=\/wp\/v2\/types\/page"}],"author":[{"embeddable":true,"href":"https:\/\/ugelabancay.gob.pe\/w\/index.php?rest_route=\/wp\/v2\/users\/1"}],"replies":[{"embeddable":true,"href":"https:\/\/ugelabancay.gob.pe\/w\/index.php?rest_route=%2Fwp%2Fv2%2Fcomments&post=175"}],"version-history":[{"count":3,"href":"https:\/\/ugelabancay.gob.pe\/w\/index.php?rest_route=\/wp\/v2\/pages\/175\/revisions"}],"predecessor-version":[{"id":4478,"href":"https:\/\/ugelabancay.gob.pe\/w\/index.php?rest_route=\/wp\/v2\/pages\/175\/revisions\/4478"}],"wp:featuredmedia":[{"embeddable":true,"href":"https:\/\/ugelabancay.gob.pe\/w\/index.php?rest_route=\/wp\/v2\/media\/4125"}],"wp:attachment":[{"href":"https:\/\/ugelabancay.gob.pe\/w\/index.php?rest_route=%2Fwp%2Fv2%2Fmedia&parent=175"}],"curies":[{"name":"wp","href":"https:\/\/api.w.org\/{rel}","templated":true}]}}